{"id":8762,"date":"2023-04-29T13:54:08","date_gmt":"2023-04-29T13:54:08","guid":{"rendered":"http:\/\/www.polestartravelagency.com\/?post_type=product&#038;p=8762"},"modified":"2026-04-16T07:46:06","modified_gmt":"2026-04-16T07:46:06","slug":"bodrum-airport-to-turkbuku","status":"publish","type":"product","link":"https:\/\/www.polestartravelagency.com\/tr\/urun\/bodrum-airport-to-turkbuku\/","title":{"rendered":"Bodrum Havaalan\u0131 - T\u00fcrkb\u00fck\u00fc"},"content":{"rendered":"","protected":false},"excerpt":{"rendered":"","protected":false},"featured_media":8441,"comment_status":"closed","ping_status":"closed","template":"","meta":[],"product_brand":[],"product_cat":[53],"product_tag":[],"class_list":{"0":"post-8762","1":"product","2":"type-product","3":"status-publish","4":"has-post-thumbnail","6":"product_cat-airport-vip-transfer","8":"first","9":"instock","10":"shipping-taxable","11":"purchasable","12":"product-type-simple"},"_links":{"self":[{"href":"https:\/\/www.polestartravelagency.com\/tr\/wp-json\/wp\/v2\/product\/8762","targetHints":{"allow":["GET"]}}],"collection":[{"href":"https:\/\/www.polestartravelagency.com\/tr\/wp-json\/wp\/v2\/product"}],"about":[{"href":"https:\/\/www.polestartravelagency.com\/tr\/wp-json\/wp\/v2\/types\/product"}],"replies":[{"embeddable":true,"href":"https:\/\/www.polestartravelagency.com\/tr\/wp-json\/wp\/v2\/comments?post=8762"}],"version-history":[{"count":1,"href":"https:\/\/www.polestartravelagency.com\/tr\/wp-json\/wp\/v2\/product\/8762\/revisions"}],"predecessor-version":[{"id":8778,"href":"https:\/\/www.polestartravelagency.com\/tr\/wp-json\/wp\/v2\/product\/8762\/revisions\/8778"}],"wp:featuredmedia":[{"embeddable":true,"href":"https:\/\/www.polestartravelagency.com\/tr\/wp-json\/wp\/v2\/media\/8441"}],"wp:attachment":[{"href":"https:\/\/www.polestartravelagency.com\/tr\/wp-json\/wp\/v2\/media?parent=8762"}],"wp:term":[{"taxonomy":"product_brand","embeddable":true,"href":"https:\/\/www.polestartravelagency.com\/tr\/wp-json\/wp\/v2\/product_brand?post=8762"},{"taxonomy":"product_cat","embeddable":true,"href":"https:\/\/www.polestartravelagency.com\/tr\/wp-json\/wp\/v2\/product_cat?post=8762"},{"taxonomy":"product_tag","embeddable":true,"href":"https:\/\/www.polestartravelagency.com\/tr\/wp-json\/wp\/v2\/product_tag?post=8762"}],"curies":[{"name":"wp","href":"https:\/\/api.w.org\/{rel}","templated":true}]}}