{"id":4400,"date":"2021-10-12T15:51:09","date_gmt":"2021-10-12T15:51:09","guid":{"rendered":"http:\/\/dummy.xtemos.com\/woodmart2\/elementor\/?page_id=4400"},"modified":"2026-04-26T12:04:33","modified_gmt":"2026-04-26T12:04:33","slug":"about-us-3","status":"publish","type":"page","link":"https:\/\/www.polestartravelagency.com\/tr\/about-us-3\/","title":{"rendered":"HAKKIMIZDA"},"content":{"rendered":"<div data-elementor-type=\"wp-page\" data-elementor-id=\"4400\" class=\"elementor elementor-4400\">\n\t\t\t\t\t\t<section class=\"elementor-section elementor-top-section elementor-element elementor-element-30f4b337 elementor-section-content-middle wd-section-stretch elementor-section-boxed elementor-section-height-default elementor-section-height-default\" data-id=\"30f4b337\" data-element_type=\"section\" data-settings=\"{&quot;background_background&quot;:&quot;classic&quot;}\">\n\t\t\t\t\t\t<div class=\"elementor-container elementor-column-gap-extended\">\n\t\t\t\t\t<div class=\"elementor-column elementor-col-50 elementor-top-column elementor-element elementor-element-709130a2\" data-id=\"709130a2\" data-element_type=\"column\">\n\t\t\t<div class=\"elementor-widget-wrap elementor-element-populated\">\n\t\t\t\t\t\t<div class=\"elementor-element elementor-element-de6816b elementor-widget elementor-widget-wd_title\" data-id=\"de6816b\" data-element_type=\"widget\" data-widget_type=\"wd_title.default\">\n\t\t\t\t<div class=\"elementor-widget-container\">\n\t\t\t\t\t\t\t<div class=\"title-wrapper set-mb-s reset-last-child wd-title-color-primary wd-title-style-default wd-title-size-large text-left\">\n\n\t\t\t\t\t\t\t<div class=\"title-subtitle subtitle-color-primary subtitle-style-default wd-fontsize-xs\">\n\t\t\t\t\tHAKKIMIZDA\t\t\t\t<\/div>\n\t\t\t\n\t\t\t<div class=\"liner-continer\">\n\t\t\t\t<h4 class=\"woodmart-title-container title wd-fontsize-xxl\">Polestar Travel Agency is Your Passport to an Exclusive World<\/h4> \n\t\t\t\t\t\t\t<\/div>\n\n\t\t\t\t\t<\/div>\n\t\t\t\t\t\t<\/div>\n\t\t\t\t<\/div>\n\t\t\t\t\t<\/div>\n\t\t<\/div>\n\t\t\t\t<div class=\"elementor-column elementor-col-50 elementor-top-column elementor-element elementor-element-52737e3b\" data-id=\"52737e3b\" data-element_type=\"column\">\n\t\t\t<div class=\"elementor-widget-wrap elementor-element-populated\">\n\t\t\t\t\t\t<div class=\"elementor-element elementor-element-1cde49f0 elementor-widget elementor-widget-wd_infobox\" data-id=\"1cde49f0\" data-element_type=\"widget\" data-widget_type=\"wd_infobox.default\">\n\t\t\t\t<div class=\"elementor-widget-container\">\n\t\t\t\t\t\t\t<div class=\"info-box-wrapper\">\n\t\t\t<div class=\"wd-info-box text-left box-icon-align-top box-style-base color-scheme- cursor-pointer\" onclick=\"window.location.href='#'\">\n\t\t\t\t\n\t\t\t\t<div class=\"info-box-content\">\n\t\t\t\t\t\n\t\t\t\t\t\n\t\t\t\t\t<div class=\"info-box-inner set-cont-mb-s reset-last-child\"\n\t\t\t\t\t\t data-elementor-setting-key=\"content\">\n\t\t\t\t\t\t<p><span data-sheets-value=\"{&quot;1&quot;:2,&quot;2&quot;:&quot;Polestar Travel agency wishes you a warm welcome to Bodrum. Polestar Travel Agency is a member of (TURSAB)&quot;}\">Polestar Travel Agency olarak siz de\u011ferli misafirlerimizin Bodrumda iyi bir tatil ge\u00e7irmenizi dileriz. Bodrum Seyahat  Acentalar\u0131ndan biri olan Polestar Travel Agency T\u00fcrkiyede (T\u00dcRSAB) T\u00fcrkiye Seyahat Acentalar\u0131 Birli\u011fi \u00fcyesi olarak  g\u00f6rev almaktad\u0131r. Acenta Belge no 15593&nbsp;<\/span><\/p>\n\t\t\t\t\t<\/div>\n\t\n\t\t\t\t\t\t\t\t\t<\/div>\n\t\t\t<\/div>\n\t\t<\/div>\n\t\t\t\t\t\t<\/div>\n\t\t\t\t<\/div>\n\t\t\t\t\t<\/div>\n\t\t<\/div>\n\t\t\t\t\t<\/div>\n\t\t<\/section>\n\t\t\t\t<section class=\"elementor-section elementor-top-section elementor-element elementor-element-3c548bca elementor-reverse-tablet elementor-reverse-mobile elementor-section-boxed elementor-section-height-default elementor-section-height-default wd-section-disabled\" data-id=\"3c548bca\" data-element_type=\"section\">\n\t\t\t\t\t\t<div class=\"elementor-container elementor-column-gap-default\">\n\t\t\t\t\t<div class=\"elementor-column elementor-col-50 elementor-top-column elementor-element elementor-element-1d354ed7\" data-id=\"1d354ed7\" data-element_type=\"column\">\n\t\t\t<div class=\"elementor-widget-wrap elementor-element-populated\">\n\t\t\t\t\t\t<div class=\"elementor-element elementor-element-3b8f1c6 elementor-widget elementor-widget-wd_image_or_svg\" data-id=\"3b8f1c6\" data-element_type=\"widget\" data-widget_type=\"wd_image_or_svg.default\">\n\t\t\t\t<div class=\"elementor-widget-container\">\n\t\t\t\t\t\n\t\t<div class=\"wd-image text-left\">\n\t\t\t\t\t\t\t\t<img fetchpriority=\"high\" decoding=\"async\" width=\"1756\" height=\"1316\" src=\"https:\/\/www.polestartravelagency.com\/wp-content\/uploads\/2023\/04\/Pi7_Tool_pamuk-4.jpg\" class=\"attachment-full size-full wp-image-10201\" alt=\"\" srcset=\"https:\/\/www.polestartravelagency.com\/wp-content\/uploads\/2023\/04\/Pi7_Tool_pamuk-4.jpg 1756w, https:\/\/www.polestartravelagency.com\/wp-content\/uploads\/2023\/04\/Pi7_Tool_pamuk-4-400x300.jpg 400w, https:\/\/www.polestartravelagency.com\/wp-content\/uploads\/2023\/04\/Pi7_Tool_pamuk-4-1067x800.jpg 1067w, https:\/\/www.polestartravelagency.com\/wp-content\/uploads\/2023\/04\/Pi7_Tool_pamuk-4-768x576.jpg 768w, https:\/\/www.polestartravelagency.com\/wp-content\/uploads\/2023\/04\/Pi7_Tool_pamuk-4-1536x1151.jpg 1536w, https:\/\/www.polestartravelagency.com\/wp-content\/uploads\/2023\/04\/Pi7_Tool_pamuk-4-16x12.jpg 16w, https:\/\/www.polestartravelagency.com\/wp-content\/uploads\/2023\/04\/Pi7_Tool_pamuk-4-860x645.jpg 860w, https:\/\/www.polestartravelagency.com\/wp-content\/uploads\/2023\/04\/Pi7_Tool_pamuk-4-430x322.jpg 430w, https:\/\/www.polestartravelagency.com\/wp-content\/uploads\/2023\/04\/Pi7_Tool_pamuk-4-700x525.jpg 700w, https:\/\/www.polestartravelagency.com\/wp-content\/uploads\/2023\/04\/Pi7_Tool_pamuk-4-150x112.jpg 150w\" sizes=\"(max-width: 1756px) 100vw, 1756px\" \/>\t\t\t\t\t<\/div>\n\n\t\t\t\t\t\t<\/div>\n\t\t\t\t<\/div>\n\t\t\t\t\t<\/div>\n\t\t<\/div>\n\t\t\t\t<div class=\"elementor-column elementor-col-50 elementor-top-column elementor-element elementor-element-7a9daa7\" data-id=\"7a9daa7\" data-element_type=\"column\">\n\t\t\t<div class=\"elementor-widget-wrap elementor-element-populated\">\n\t\t\t\t\t\t<div class=\"elementor-element elementor-element-18566191 elementor-widget elementor-widget-wd_title\" data-id=\"18566191\" data-element_type=\"widget\" data-widget_type=\"wd_title.default\">\n\t\t\t\t<div class=\"elementor-widget-container\">\n\t\t\t\t\t\t\t<div class=\"title-wrapper set-mb-s reset-last-child wd-title-color-primary wd-title-style-default wd-title-size-large text-left\">\n\n\t\t\t\n\t\t\t<div class=\"liner-continer\">\n\t\t\t\t<h4 class=\"woodmart-title-container title wd-fontsize-xxl\">Hakk\u0131m\u0131zda<\/h4> \n\t\t\t\t\t\t\t<\/div>\n\n\t\t\t\t\t\t\t<div class=\"title-after_title set-cont-mb-s reset-last-child wd-fontsize-s\">\n\t\t\t\t\t<p><span>Bir (T\u00dcRSAB) T\u00fcrkiye Seyahat Acentalar\u0131 Birli\u011fi \u00fcyesi olan Polestar Travel Agency T.C. K\u00fclt\u00fcr ve Turizm Bakanl\u0131\u011f\u0131 ''A'' grubu Seyahat Acentas\u0131d\u0131r.<\/span><\/p>\t\t\t\t<\/div>\n\t\t\t\t\t<\/div>\n\t\t\t\t\t\t<\/div>\n\t\t\t\t<\/div>\n\t\t\t\t<div class=\"elementor-element elementor-element-cf34ae6 elementor-widget elementor-widget-wd_text_block\" data-id=\"cf34ae6\" data-element_type=\"widget\" data-widget_type=\"wd_text_block.default\">\n\t\t\t\t<div class=\"elementor-widget-container\">\n\t\t\t\t\t\t\t<div class=\"wd-text-block reset-last-child text-left\">\n\t\t\t\n\t\t\t<br><p><span data-sheets-value=\"{&quot;1&quot;:2,&quot;2&quot;:&quot;With our online site, booking information and consultant services we are able to handle your requests on a global&quot;}\">With over 25 years of experince in the tourism industry, we specialise in private, high quality travel experiences across the Aegean region.<br><\/span><\/p><p><br>Our portfolio includes guided tours to major historical and cultural sites such as Ephesus, Pamukkale, Cappadocia, Pergamon, Sagalassos and House of Mary. As well as bespoke travel services, we do organise Yacht charters, water sports activities and VIP Airport transfer services.<\/p>\n\t\t\t\t\t<\/div>\n\t\t\t\t\t\t<\/div>\n\t\t\t\t<\/div>\n\t\t\t\t\t<\/div>\n\t\t<\/div>\n\t\t\t\t\t<\/div>\n\t\t<\/section>\n\t\t\t\t<section class=\"elementor-section elementor-top-section elementor-element elementor-element-d428bfe elementor-reverse-tablet elementor-reverse-mobile elementor-section-boxed elementor-section-height-default elementor-section-height-default wd-section-disabled\" data-id=\"d428bfe\" data-element_type=\"section\">\n\t\t\t\t\t\t<div class=\"elementor-container elementor-column-gap-default\">\n\t\t\t\t\t<div class=\"elementor-column elementor-col-50 elementor-top-column elementor-element elementor-element-e76d657\" data-id=\"e76d657\" data-element_type=\"column\">\n\t\t\t<div class=\"elementor-widget-wrap elementor-element-populated\">\n\t\t\t\t\t\t<div class=\"elementor-element elementor-element-607a264 elementor-widget elementor-widget-wd_text_block\" data-id=\"607a264\" data-element_type=\"widget\" data-widget_type=\"wd_text_block.default\">\n\t\t\t\t<div class=\"elementor-widget-container\">\n\t\t\t\t\t\t\t<div class=\"wd-text-block reset-last-child text-left\">\n\t\t\t\n\t\t\t<p>We are dedicated to provide high quality, professional services with a team of experienced specialists.<\/p><p>All our tours are operated with;<\/p><p>Licenced Professional Guides,<br \/>Experienced English speaking drivers,<br \/>Modern, fully insured luxury vehicles.<\/p><p>We focus on flexibility, comfort and personalized service, ensuring each guest enjoys a smooth and memorable travel experience tailored to their preferences.<\/p><p>''We love what we do and we make sure you love every moment of your journey''<\/p>\n\t\t\t\t\t<\/div>\n\t\t\t\t\t\t<\/div>\n\t\t\t\t<\/div>\n\t\t\t\t\t<\/div>\n\t\t<\/div>\n\t\t\t\t<div class=\"elementor-column elementor-col-50 elementor-top-column elementor-element elementor-element-aa99c56\" data-id=\"aa99c56\" data-element_type=\"column\">\n\t\t\t<div class=\"elementor-widget-wrap elementor-element-populated\">\n\t\t\t\t\t\t<div class=\"elementor-element elementor-element-f5c6571 elementor-widget elementor-widget-wd_image_or_svg\" data-id=\"f5c6571\" data-element_type=\"widget\" data-widget_type=\"wd_image_or_svg.default\">\n\t\t\t\t<div class=\"elementor-widget-container\">\n\t\t\t\t\t\n\t\t<div class=\"wd-image text-left\">\n\t\t\t\t\t\t\t\t<img decoding=\"async\" src=\"https:\/\/www.polestartravelagency.com\/wp-content\/uploads\/elementor\/thumbs\/boat-trip-q71fcv0yeln8lka1kl6ey4ds6nd5rc8skz89318za0.jpg\" title=\"boat trip\" alt=\"boat trip\" loading=\"lazy\" \/>\t\t\t\t\t<\/div>\n\n\t\t\t\t\t\t<\/div>\n\t\t\t\t<\/div>\n\t\t\t\t\t<\/div>\n\t\t<\/div>\n\t\t\t\t\t<\/div>\n\t\t<\/section>\n\t\t\t\t<section class=\"elementor-section elementor-top-section elementor-element elementor-element-6eb4bae elementor-section-boxed elementor-section-height-default elementor-section-height-default wd-section-disabled\" data-id=\"6eb4bae\" data-element_type=\"section\">\n\t\t\t\t\t\t<div class=\"elementor-container elementor-column-gap-default\">\n\t\t\t\t\t<div class=\"elementor-column elementor-col-100 elementor-top-column elementor-element elementor-element-b896c5d\" data-id=\"b896c5d\" data-element_type=\"column\">\n\t\t\t<div class=\"elementor-widget-wrap elementor-element-populated\">\n\t\t\t\t\t\t<div class=\"elementor-element elementor-element-15b3362 elementor-widget elementor-widget-wd_title\" data-id=\"15b3362\" data-element_type=\"widget\" data-widget_type=\"wd_title.default\">\n\t\t\t\t<div class=\"elementor-widget-container\">\n\t\t\t\t\t\t\t<div class=\"title-wrapper set-mb-s reset-last-child wd-title-color-primary wd-title-style-default wd-title-size-large text-center\">\n\n\t\t\t\n\t\t\t<div class=\"liner-continer\">\n\t\t\t\t<h4 class=\"woodmart-title-container title wd-fontsize-xxl\">Bir (T\u00dcRSAB) T\u00fcrkiye Seyahat Acentalar\u0131 Birli\u011fi \u00fcyesi olan Polestar Travel Agency T.C. K\u00fclt\u00fcr ve Turizm Bakanl\u0131\u011f\u0131 ''A'' grubu Seyahat Acentas\u0131d\u0131r.<\/h4> \n\t\t\t\t\t\t\t<\/div>\n\n\t\t\t\t\t<\/div>\n\t\t\t\t\t\t<\/div>\n\t\t\t\t<\/div>\n\t\t\t\t\t<\/div>\n\t\t<\/div>\n\t\t\t\t\t<\/div>\n\t\t<\/section>\n\t\t\t\t<\/div>","protected":false},"excerpt":{"rendered":"<p>ABOUT US Polestar Travel Agency is Your Passport to an Exclusive World Polestar Travel Agency wishes you a warm welcome<\/p>","protected":false},"author":1,"featured_media":0,"parent":0,"menu_order":0,"comment_status":"closed","ping_status":"closed","template":"","meta":{"footnotes":""},"class_list":["post-4400","page","type-page","status-publish","hentry"],"_links":{"self":[{"href":"https:\/\/www.polestartravelagency.com\/tr\/wp-json\/wp\/v2\/pages\/4400","targetHints":{"allow":["GET"]}}],"collection":[{"href":"https:\/\/www.polestartravelagency.com\/tr\/wp-json\/wp\/v2\/pages"}],"about":[{"href":"https:\/\/www.polestartravelagency.com\/tr\/wp-json\/wp\/v2\/types\/page"}],"author":[{"embeddable":true,"href":"https:\/\/www.polestartravelagency.com\/tr\/wp-json\/wp\/v2\/users\/1"}],"replies":[{"embeddable":true,"href":"https:\/\/www.polestartravelagency.com\/tr\/wp-json\/wp\/v2\/comments?post=4400"}],"version-history":[{"count":42,"href":"https:\/\/www.polestartravelagency.com\/tr\/wp-json\/wp\/v2\/pages\/4400\/revisions"}],"predecessor-version":[{"id":10319,"href":"https:\/\/www.polestartravelagency.com\/tr\/wp-json\/wp\/v2\/pages\/4400\/revisions\/10319"}],"wp:attachment":[{"href":"https:\/\/www.polestartravelagency.com\/tr\/wp-json\/wp\/v2\/media?parent=4400"}],"curies":[{"name":"wp","href":"https:\/\/api.w.org\/{rel}","templated":true}]}}